{"id":663,"date":"2020-04-21T06:42:20","date_gmt":"2020-04-21T06:42:20","guid":{"rendered":"http:\/\/wp.dynamiclayers.net\/arkit\/?page_id=663"},"modified":"2025-12-11T16:52:48","modified_gmt":"2025-12-11T16:52:48","slug":"inicio","status":"publish","type":"page","link":"https:\/\/qscostos.com.mx\/en\/inicio\/","title":{"rendered":"Home"},"content":{"rendered":"<div data-elementor-type=\"wp-page\" data-elementor-id=\"663\" class=\"elementor elementor-663\" data-elementor-post-type=\"page\">\n\t\t\t\t\t\t<section class=\"elementor-section elementor-top-section elementor-element elementor-element-05e7a1f elementor-section-stretched elementor-section-boxed elementor-section-height-default elementor-section-height-default\" data-id=\"05e7a1f\" data-element_type=\"section\" data-e-type=\"section\" data-settings=\"{&quot;stretch_section&quot;:&quot;section-stretched&quot;}\">\n\t\t\t\t\t\t<div class=\"elementor-container elementor-column-gap-no\">\n\t\t\t\t\t<div class=\"elementor-column elementor-col-100 elementor-top-column elementor-element elementor-element-126eada\" data-id=\"126eada\" data-element_type=\"column\" data-e-type=\"column\">\n\t\t\t<div class=\"elementor-widget-wrap elementor-element-populated\">\n\t\t\t\t\t\t<div class=\"elementor-element elementor-element-70ba9cc elementor-widget elementor-widget-arkid_main_slider\" data-id=\"70ba9cc\" data-element_type=\"widget\" data-e-type=\"widget\" data-widget_type=\"arkid_main_slider.default\">\n\t\t\t\t<div class=\"elementor-widget-container\">\n\t\t\t\t\t\t\t<div class=\"dl-slider  custom dots nav-style-1\" data-autoplay=\"true\" data-autoplay-speed=\"8000\" data-initial-slide=\"1\" data-dots=\"true\" data-arrows=\"true\" data-fade=\"false\" data-speed=\"1500\" data-pauseon-hover=\"false\">\r\n\t\t\t\t\t<div class=\"hero-slide slide-1 mask\">\r\n\t\t\t\t<div class=\"bg-img kenburns-right\" style=\"background-image: url(https:\/\/qscostos.com.mx\/wp-content\/uploads\/2025\/06\/inicio-faro01.jpg);\"><\/div>\t\t\t\t\t\t\t\t\t\t\t\t<div class=\"slider-content-wrap d-flex align-items-center\">\r\n\t\t\t\t\t<div class=\"container\">\r\n\t\t\t\t\t\t<div class=\"slider-content\">\r\n\t\t\t\t\t\t<div class=\"dl-caption big elementor-repeater-item-e589b07\"><div class=\"inner-layer\"><div data-animation=\"fade-in-left\" data-delay=\"1800ms\">Construye seguro; <br>fewer mistakes, <br>m\u00e1s viabilidad<\/div><\/div><\/div><div class=\"dl-btn-group button elementor-repeater-item-4049e3a\"><div class=\"inner-layer\"><a href=\"https:\/\/qscostos.com.mx\/en\/quienes\/\"  class=\"dl-btn-2\" data-animation=\"fade-in-left\" data-delay=\"2000ms\">Con\u00f3cenos<span><\/span><\/a><\/div><\/div>\t\t\t\t\t\t<\/div>\r\n\t\t\t\t\t<\/div>\r\n\t\t\t\t<\/div>  \r\n\t\t\t\t \r\n\t\t\t<\/div>\r\n\t\t\t\t\t\t\t\t\t<div class=\"hero-slide slide-2 mask\">\r\n\t\t\t\t<div class=\"bg-img kenburns-right\" style=\"background-image: url(https:\/\/qscostos.com.mx\/wp-content\/uploads\/2025\/06\/inicio-faro02.jpg);\"><\/div>\t\t\t\t\t\t\t\t\t\t\t\t<div class=\"slider-content-wrap d-flex align-items-center\">\r\n\t\t\t\t\t<div class=\"container\">\r\n\t\t\t\t\t\t<div class=\"slider-content\">\r\n\t\t\t\t\t\t<div class=\"dl-caption big elementor-repeater-item-ad58306\"><div class=\"inner-layer\"><div data-animation=\"fade-in-left\" data-delay=\"1800ms\">Estamos aqu\u00ed para brindarte  <br>confianza,  experiencia <br>y el acompa\u00f1amiento  <br>que necesitas <\/div><\/div><\/div><div class=\"dl-btn-group button elementor-repeater-item-2a08882\"><div class=\"inner-layer\"><a href=\"https:\/\/qscostos.com.mx\/en\/quienes\/\"  class=\"dl-btn-2\" data-animation=\"fade-in-left\" data-delay=\"2000ms\">Con\u00f3cenos<span><\/span><\/a><\/div><\/div>\t\t\t\t\t\t<\/div>\r\n\t\t\t\t\t<\/div>\r\n\t\t\t\t<\/div>  \r\n\t\t\t\t \r\n\t\t\t<\/div>\r\n\t\t\t\t\t\t\t\t<\/div>\r\n\t\t\t\t\t<\/div>\n\t\t\t\t<\/div>\n\t\t\t\t\t<\/div>\n\t\t<\/div>\n\t\t\t\t\t<\/div>\n\t\t<\/section>\n\t\t\t\t<\/div>","protected":false},"excerpt":{"rendered":"<p>Construye seguro; menos errores, m\u00e1s viabilidadCon\u00f3cenos Estamos aqu\u00ed para brindarte confianza, experiencia y el acompa\u00f1amiento que necesitas Con\u00f3cenos<\/p>","protected":false},"author":1,"featured_media":0,"parent":0,"menu_order":0,"comment_status":"closed","ping_status":"closed","template":"elementor_header_footer","meta":{"footnotes":""},"class_list":["post-663","page","type-page","status-publish","hentry"],"_links":{"self":[{"href":"https:\/\/qscostos.com.mx\/en\/wp-json\/wp\/v2\/pages\/663","targetHints":{"allow":["GET"]}}],"collection":[{"href":"https:\/\/qscostos.com.mx\/en\/wp-json\/wp\/v2\/pages"}],"about":[{"href":"https:\/\/qscostos.com.mx\/en\/wp-json\/wp\/v2\/types\/page"}],"author":[{"embeddable":true,"href":"https:\/\/qscostos.com.mx\/en\/wp-json\/wp\/v2\/users\/1"}],"replies":[{"embeddable":true,"href":"https:\/\/qscostos.com.mx\/en\/wp-json\/wp\/v2\/comments?post=663"}],"version-history":[{"count":55,"href":"https:\/\/qscostos.com.mx\/en\/wp-json\/wp\/v2\/pages\/663\/revisions"}],"predecessor-version":[{"id":3585,"href":"https:\/\/qscostos.com.mx\/en\/wp-json\/wp\/v2\/pages\/663\/revisions\/3585"}],"wp:attachment":[{"href":"https:\/\/qscostos.com.mx\/en\/wp-json\/wp\/v2\/media?parent=663"}],"curies":[{"name":"wp","href":"https:\/\/api.w.org\/{rel}","templated":true}]}}