{"id":2305,"date":"2025-09-03T02:57:53","date_gmt":"2025-09-03T02:57:53","guid":{"rendered":"https:\/\/qscostos.com.mx\/2025\/?page_id=2305"},"modified":"2025-12-10T02:43:25","modified_gmt":"2025-12-10T02:43:25","slug":"internacionales-hotel-royalton-negrill","status":"publish","type":"page","link":"https:\/\/qscostos.com.mx\/en\/internacionales-hotel-royalton-negrill\/","title":{"rendered":"Internacionales Hotel Royalton Negrill"},"content":{"rendered":"<div data-elementor-type=\"wp-page\" data-elementor-id=\"2305\" class=\"elementor elementor-2305\" data-elementor-post-type=\"page\">\n\t\t\t\t<div class=\"elementor-element elementor-element-5a09d3f e-flex e-con-boxed e-con e-parent\" data-id=\"5a09d3f\" data-element_type=\"container\" data-e-type=\"container\" data-settings=\"{&quot;background_background&quot;:&quot;classic&quot;}\">\n\t\t\t\t\t<div class=\"e-con-inner\">\n\t\t<div class=\"elementor-element elementor-element-b838769 e-con-full e-flex e-con e-child\" data-id=\"b838769\" data-element_type=\"container\" data-e-type=\"container\">\n\t\t\t\t<div class=\"elementor-element elementor-element-3962a7b elementor-widget elementor-widget-text-editor\" data-id=\"3962a7b\" data-element_type=\"widget\" data-e-type=\"widget\" data-widget_type=\"text-editor.default\">\n\t\t\t\t<div class=\"elementor-widget-container\">\n\t\t\t\t\t\t\t\t\t<p>Call us:\u00a0<a href=\"tel:3336401682\">33 3640 1682<\/a><\/p>\t\t\t\t\t\t\t\t<\/div>\n\t\t\t\t<\/div>\n\t\t\t\t<\/div>\n\t\t<div class=\"elementor-element elementor-element-3e5d6d7 e-con-full e-flex e-con e-child\" data-id=\"3e5d6d7\" data-element_type=\"container\" data-e-type=\"container\">\n\t\t\t\t<div class=\"elementor-element elementor-element-e8683dd elementor-widget elementor-widget-text-editor\" data-id=\"e8683dd\" data-element_type=\"widget\" data-e-type=\"widget\" data-widget_type=\"text-editor.default\">\n\t\t\t\t<div class=\"elementor-widget-container\">\n\t\t\t\t\t\t\t\t\t<p>Email :\u00a0<a href=\"mailto:qscostos@gmail.com\">qscostos@gmail.com<\/a><\/p>\t\t\t\t\t\t\t\t<\/div>\n\t\t\t\t<\/div>\n\t\t\t\t<\/div>\n\t\t<div class=\"elementor-element elementor-element-f21bd44 e-con-full e-flex e-con e-child\" data-id=\"f21bd44\" data-element_type=\"container\" data-e-type=\"container\">\n\t\t\t\t<div class=\"elementor-element elementor-element-c0e3a1b elementor-shape-rounded elementor-grid-0 e-grid-align-center elementor-widget elementor-widget-social-icons\" data-id=\"c0e3a1b\" data-element_type=\"widget\" data-e-type=\"widget\" data-widget_type=\"social-icons.default\">\n\t\t\t\t<div class=\"elementor-widget-container\">\n\t\t\t\t\t\t\t<div class=\"elementor-social-icons-wrapper elementor-grid\" role=\"list\">\n\t\t\t\t\t\t\t<span class=\"elementor-grid-item\" role=\"listitem\">\n\t\t\t\t\t<a class=\"elementor-icon elementor-social-icon elementor-social-icon-linkedin elementor-repeater-item-642d430\" target=\"_blank\">\n\t\t\t\t\t\t<span class=\"elementor-screen-only\">Linkedin<\/span>\n\t\t\t\t\t\t<svg aria-hidden=\"true\" class=\"e-font-icon-svg e-fab-linkedin\" viewbox=\"0 0 448 512\" xmlns=\"http:\/\/www.w3.org\/2000\/svg\"><path d=\"M416 32H31.9C14.3 32 0 46.5 0 64.3v383.4C0 465.5 14.3 480 31.9 480H416c17.6 0 32-14.5 32-32.3V64.3c0-17.8-14.4-32.3-32-32.3zM135.4 416H69V202.2h66.5V416zm-33.2-243c-21.3 0-38.5-17.3-38.5-38.5S80.9 96 102.2 96c21.2 0 38.5 17.3 38.5 38.5 0 21.3-17.2 38.5-38.5 38.5zm282.1 243h-66.4V312c0-24.8-.5-56.7-34.5-56.7-34.6 0-39.9 27-39.9 54.9V416h-66.4V202.2h63.7v29.2h.9c8.9-16.8 30.6-34.5 62.9-34.5 67.2 0 79.7 44.3 79.7 101.9V416z\"><\/path><\/svg>\t\t\t\t\t<\/a>\n\t\t\t\t<\/span>\n\t\t\t\t\t\t\t<span class=\"elementor-grid-item\" role=\"listitem\">\n\t\t\t\t\t<a class=\"elementor-icon elementor-social-icon elementor-social-icon-instagram elementor-repeater-item-2b3e158\" target=\"_blank\">\n\t\t\t\t\t\t<span class=\"elementor-screen-only\">Instagram<\/span>\n\t\t\t\t\t\t<svg aria-hidden=\"true\" class=\"e-font-icon-svg e-fab-instagram\" viewbox=\"0 0 448 512\" xmlns=\"http:\/\/www.w3.org\/2000\/svg\"><path d=\"M224.1 141c-63.6 0-114.9 51.3-114.9 114.9s51.3 114.9 114.9 114.9S339 319.5 339 255.9 287.7 141 224.1 141zm0 189.6c-41.1 0-74.7-33.5-74.7-74.7s33.5-74.7 74.7-74.7 74.7 33.5 74.7 74.7-33.6 74.7-74.7 74.7zm146.4-194.3c0 14.9-12 26.8-26.8 26.8-14.9 0-26.8-12-26.8-26.8s12-26.8 26.8-26.8 26.8 12 26.8 26.8zm76.1 27.2c-1.7-35.9-9.9-67.7-36.2-93.9-26.2-26.2-58-34.4-93.9-36.2-37-2.1-147.9-2.1-184.9 0-35.8 1.7-67.6 9.9-93.9 36.1s-34.4 58-36.2 93.9c-2.1 37-2.1 147.9 0 184.9 1.7 35.9 9.9 67.7 36.2 93.9s58 34.4 93.9 36.2c37 2.1 147.9 2.1 184.9 0 35.9-1.7 67.7-9.9 93.9-36.2 26.2-26.2 34.4-58 36.2-93.9 2.1-37 2.1-147.8 0-184.8zM398.8 388c-7.8 19.6-22.9 34.7-42.6 42.6-29.5 11.7-99.5 9-132.1 9s-102.7 2.6-132.1-9c-19.6-7.8-34.7-22.9-42.6-42.6-11.7-29.5-9-99.5-9-132.1s-2.6-102.7 9-132.1c7.8-19.6 22.9-34.7 42.6-42.6 29.5-11.7 99.5-9 132.1-9s102.7-2.6 132.1 9c19.6 7.8 34.7 22.9 42.6 42.6 11.7 29.5 9 99.5 9 132.1s2.7 102.7-9 132.1z\"><\/path><\/svg>\t\t\t\t\t<\/a>\n\t\t\t\t<\/span>\n\t\t\t\t\t<\/div>\n\t\t\t\t\t\t<\/div>\n\t\t\t\t<\/div>\n\t\t\t\t<\/div>\n\t\t<div class=\"elementor-element elementor-element-28011e3 e-con-full e-flex e-con e-child\" data-id=\"28011e3\" data-element_type=\"container\" data-e-type=\"container\">\n\t\t\t\t<div class=\"elementor-element elementor-element-518f217 elementor-widget elementor-widget-image\" data-id=\"518f217\" data-element_type=\"widget\" data-e-type=\"widget\" data-widget_type=\"image.default\">\n\t\t\t\t<div class=\"elementor-widget-container\">\n\t\t\t\t\t\t\t\t\t\t\t\t\t\t\t<img decoding=\"async\" width=\"285\" height=\"141\" src=\"https:\/\/qscostos.com.mx\/wp-content\/uploads\/2025\/07\/bandera-inglaterra.png\" class=\"attachment-large size-large wp-image-1787\" alt=\"\" srcset=\"https:\/\/qscostos.com.mx\/wp-content\/uploads\/2025\/07\/bandera-inglaterra.png 285w, https:\/\/qscostos.com.mx\/wp-content\/uploads\/2025\/07\/bandera-inglaterra-200x100.png 200w\" sizes=\"(max-width: 285px) 100vw, 285px\" \/>\t\t\t\t\t\t\t\t\t\t\t\t\t\t\t<\/div>\n\t\t\t\t<\/div>\n\t\t\t\t<\/div>\n\t\t\t\t\t<\/div>\n\t\t\t\t<\/div>\n\t\t<div class=\"elementor-element elementor-element-bd18b5a e-flex e-con-boxed e-con e-parent\" data-id=\"bd18b5a\" data-element_type=\"container\" data-e-type=\"container\">\n\t\t\t\t\t<div class=\"e-con-inner\">\n\t\t<div class=\"elementor-element elementor-element-433853d e-con-full e-flex e-con e-child\" data-id=\"433853d\" data-element_type=\"container\" data-e-type=\"container\">\n\t\t\t\t<div class=\"elementor-element elementor-element-fdae8c0 elementor-widget__width-initial elementor-widget elementor-widget-image\" data-id=\"fdae8c0\" data-element_type=\"widget\" data-e-type=\"widget\" data-widget_type=\"image.default\">\n\t\t\t\t<div class=\"elementor-widget-container\">\n\t\t\t\t\t\t\t\t\t\t\t\t\t\t\t<img fetchpriority=\"high\" decoding=\"async\" width=\"410\" height=\"205\" src=\"https:\/\/qscostos.com.mx\/wp-content\/uploads\/2025\/07\/cropped-QS-Logo-NegroB.jpg\" class=\"attachment-large size-large wp-image-1765\" alt=\"\" srcset=\"https:\/\/qscostos.com.mx\/wp-content\/uploads\/2025\/07\/cropped-QS-Logo-NegroB.jpg 410w, https:\/\/qscostos.com.mx\/wp-content\/uploads\/2025\/07\/cropped-QS-Logo-NegroB-300x150.jpg 300w, https:\/\/qscostos.com.mx\/wp-content\/uploads\/2025\/07\/cropped-QS-Logo-NegroB-200x100.jpg 200w\" sizes=\"(max-width: 410px) 100vw, 410px\" \/>\t\t\t\t\t\t\t\t\t\t\t\t\t\t\t<\/div>\n\t\t\t\t<\/div>\n\t\t\t\t<\/div>\n\t\t<div class=\"elementor-element elementor-element-c2981cf e-con-full e-flex e-con e-child\" data-id=\"c2981cf\" data-element_type=\"container\" data-e-type=\"container\">\n\t\t\t\t<div class=\"elementor-element elementor-element-56a3d0d elementor-nav-menu--dropdown-none elementor-widget-tablet__width-initial elementor-widget elementor-widget-nav-menu\" data-id=\"56a3d0d\" data-element_type=\"widget\" data-e-type=\"widget\" data-settings=\"{&quot;layout&quot;:&quot;horizontal&quot;,&quot;submenu_icon&quot;:{&quot;value&quot;:&quot;&lt;svg aria-hidden=\\&quot;true\\&quot; class=\\&quot;e-font-icon-svg e-fas-caret-down\\&quot; viewBox=\\&quot;0 0 320 512\\&quot; xmlns=\\&quot;http:\\\/\\\/www.w3.org\\\/2000\\\/svg\\&quot;&gt;&lt;path d=\\&quot;M31.3 192h257.3c17.8 0 26.7 21.5 14.1 34.1L174.1 354.8c-7.8 7.8-20.5 7.8-28.3 0L17.2 226.1C4.6 213.5 13.5 192 31.3 192z\\&quot;&gt;&lt;\\\/path&gt;&lt;\\\/svg&gt;&quot;,&quot;library&quot;:&quot;fa-solid&quot;}}\" data-widget_type=\"nav-menu.default\">\n\t\t\t\t<div class=\"elementor-widget-container\">\n\t\t\t\t\t\t\t\t<nav aria-label=\"Men\u00fa\" class=\"elementor-nav-menu--main elementor-nav-menu__container elementor-nav-menu--layout-horizontal e--pointer-underline e--animation-fade\">\n\t\t\t\t<ul id=\"menu-1-56a3d0d\" class=\"elementor-nav-menu\"><li class=\"menu-item menu-item-type-post_type menu-item-object-page menu-item-1580\"><a href=\"https:\/\/qscostos.com.mx\/en\/inicio\/\" class=\"elementor-item\">Home<\/a><\/li>\n<li class=\"menu-item menu-item-type-custom menu-item-object-custom menu-item-has-children menu-item-1607\"><a href=\"#\" class=\"elementor-item elementor-item-anchor\">QS<\/a>\n<ul class=\"sub-menu elementor-nav-menu--dropdown\">\n\t<li class=\"menu-item menu-item-type-post_type menu-item-object-page menu-item-1577\"><a href=\"https:\/\/qscostos.com.mx\/en\/quienes\/\" class=\"elementor-sub-item\">Who We Are<\/a><\/li>\n\t<li class=\"menu-item menu-item-type-post_type menu-item-object-page menu-item-1660\"><a href=\"https:\/\/qscostos.com.mx\/en\/nuestra-historia\/\" class=\"elementor-sub-item\">Our History<\/a><\/li>\n\t<li class=\"menu-item menu-item-type-custom menu-item-object-custom menu-item-1608\"><a href=\"https:\/\/qscostos.com.mx\/wp-content\/uploads\/2025\/08\/CURRICULUM-2025-FEBRERO-30-JULIO-2025-CLASIFICADO.pdf\" class=\"elementor-sub-item\">Resume<\/a><\/li>\n\t<li class=\"menu-item menu-item-type-post_type menu-item-object-page menu-item-1627\"><a href=\"https:\/\/qscostos.com.mx\/en\/nuestros-clientes\/\" class=\"elementor-sub-item\">Our clients<\/a><\/li>\n<\/ul>\n<\/li>\n<li class=\"menu-item menu-item-type-post_type menu-item-object-page menu-item-1575\"><a href=\"https:\/\/qscostos.com.mx\/en\/servicios\/\" class=\"elementor-item\">Services<\/a><\/li>\n<li class=\"menu-item menu-item-type-post_type menu-item-object-page menu-item-2113\"><a href=\"https:\/\/qscostos.com.mx\/en\/proyectos\/\" class=\"elementor-item\">Projects<\/a><\/li>\n<li class=\"menu-item menu-item-type-post_type menu-item-object-page menu-item-1579\"><a href=\"https:\/\/qscostos.com.mx\/en\/contacto\/\" class=\"elementor-item\">Contact<\/a><\/li>\n<\/ul>\t\t\t<\/nav>\n\t\t\t\t\t\t<nav class=\"elementor-nav-menu--dropdown elementor-nav-menu__container\" aria-hidden=\"true\">\n\t\t\t\t<ul id=\"menu-2-56a3d0d\" class=\"elementor-nav-menu\"><li class=\"menu-item menu-item-type-post_type menu-item-object-page menu-item-1580\"><a href=\"https:\/\/qscostos.com.mx\/en\/inicio\/\" class=\"elementor-item\" tabindex=\"-1\">Home<\/a><\/li>\n<li class=\"menu-item menu-item-type-custom menu-item-object-custom menu-item-has-children menu-item-1607\"><a href=\"#\" class=\"elementor-item elementor-item-anchor\" tabindex=\"-1\">QS<\/a>\n<ul class=\"sub-menu elementor-nav-menu--dropdown\">\n\t<li class=\"menu-item menu-item-type-post_type menu-item-object-page menu-item-1577\"><a href=\"https:\/\/qscostos.com.mx\/en\/quienes\/\" class=\"elementor-sub-item\" tabindex=\"-1\">Who We Are<\/a><\/li>\n\t<li class=\"menu-item menu-item-type-post_type menu-item-object-page menu-item-1660\"><a href=\"https:\/\/qscostos.com.mx\/en\/nuestra-historia\/\" class=\"elementor-sub-item\" tabindex=\"-1\">Our History<\/a><\/li>\n\t<li class=\"menu-item menu-item-type-custom menu-item-object-custom menu-item-1608\"><a href=\"https:\/\/qscostos.com.mx\/wp-content\/uploads\/2025\/08\/CURRICULUM-2025-FEBRERO-30-JULIO-2025-CLASIFICADO.pdf\" class=\"elementor-sub-item\" tabindex=\"-1\">Resume<\/a><\/li>\n\t<li class=\"menu-item menu-item-type-post_type menu-item-object-page menu-item-1627\"><a href=\"https:\/\/qscostos.com.mx\/en\/nuestros-clientes\/\" class=\"elementor-sub-item\" tabindex=\"-1\">Our clients<\/a><\/li>\n<\/ul>\n<\/li>\n<li class=\"menu-item menu-item-type-post_type menu-item-object-page menu-item-1575\"><a href=\"https:\/\/qscostos.com.mx\/en\/servicios\/\" class=\"elementor-item\" tabindex=\"-1\">Services<\/a><\/li>\n<li class=\"menu-item menu-item-type-post_type menu-item-object-page menu-item-2113\"><a href=\"https:\/\/qscostos.com.mx\/en\/proyectos\/\" class=\"elementor-item\" tabindex=\"-1\">Projects<\/a><\/li>\n<li class=\"menu-item menu-item-type-post_type menu-item-object-page menu-item-1579\"><a href=\"https:\/\/qscostos.com.mx\/en\/contacto\/\" class=\"elementor-item\" tabindex=\"-1\">Contact<\/a><\/li>\n<\/ul>\t\t\t<\/nav>\n\t\t\t\t\t\t<\/div>\n\t\t\t\t<\/div>\n\t\t\t\t<\/div>\n\t\t\t\t\t<\/div>\n\t\t\t\t<\/div>\n\t\t<div class=\"elementor-element elementor-element-4d69db1 e-flex e-con-boxed e-con e-parent\" data-id=\"4d69db1\" data-element_type=\"container\" data-e-type=\"container\">\n\t\t\t\t\t<div class=\"e-con-inner\">\n\t\t<div class=\"elementor-element elementor-element-40525d7 e-con-full e-grid elementor-hidden-mobile e-con e-child\" data-id=\"40525d7\" data-element_type=\"container\" data-e-type=\"container\">\n\t\t\t\t<\/div>\n\t\t<div class=\"elementor-element elementor-element-5fe860a e-con-full e-grid e-con e-child\" data-id=\"5fe860a\" data-element_type=\"container\" data-e-type=\"container\">\n\t\t\t\t<div data-ep-wrapper-link=\"{&quot;url&quot;:&quot;https:\\\/\\\/qscostos.com.mx\\\/proyectos-internacionales\\\/&quot;,&quot;is_external&quot;:&quot;&quot;,&quot;nofollow&quot;:&quot;&quot;,&quot;custom_attributes&quot;:&quot;&quot;}\" style=\"cursor: pointer\" class=\"bdt-element-link elementor-element elementor-element-f4f90dd elementor-widget elementor-widget-arkid_heading\" data-id=\"f4f90dd\" data-element_type=\"widget\" data-e-type=\"widget\" data-widget_type=\"arkid_heading.default\">\n\t\t\t\t<div class=\"elementor-widget-container\">\n\t\t\t\t\t\t\t<div id=\"wt-at-f4f90dd\" class=\"headng-wrap left\">\r\n\t\t\t<div class=\"section-heading\">\r\n\t\t\t<h2 class=\"heading wow fade-in-up\" data-splitting=\"\">Projects<\/h2><p class=\"desc\">International Projects<\/p>\t\t\t<\/div>\r\n\t\t<\/div>\r\n\t\t\t\t\t<\/div>\n\t\t\t\t<\/div>\n\t\t\t\t<\/div>\n\t\t<div class=\"elementor-element elementor-element-04e1775 e-con-full e-grid elementor-hidden-mobile e-con e-child\" data-id=\"04e1775\" data-element_type=\"container\" data-e-type=\"container\">\n\t\t\t\t<\/div>\n\t\t<div class=\"elementor-element elementor-element-63157d2 e-con-full e-grid elementor-hidden-mobile e-con e-child\" data-id=\"63157d2\" data-element_type=\"container\" data-e-type=\"container\">\n\t\t\t\t<\/div>\n\t\t\t\t\t<\/div>\n\t\t\t\t<\/div>\n\t\t<div class=\"elementor-element elementor-element-244ff1f e-con-full e-flex e-con e-parent\" data-id=\"244ff1f\" data-element_type=\"container\" data-e-type=\"container\">\n\t\t<div class=\"elementor-element elementor-element-78c9aa0 e-flex e-con-boxed e-con e-child\" data-id=\"78c9aa0\" data-element_type=\"container\" data-e-type=\"container\">\n\t\t\t\t\t<div class=\"e-con-inner\">\n\t\t\t\t<div class=\"elementor-element elementor-element-3f56bb6 elementor-widget elementor-widget-heading\" data-id=\"3f56bb6\" data-element_type=\"widget\" data-e-type=\"widget\" data-widget_type=\"heading.default\">\n\t\t\t\t<div class=\"elementor-widget-container\">\n\t\t\t\t\t<h2 class=\"elementor-heading-title elementor-size-default\">Cliente: Hotel Royalton Negrill <br>( I Basica)<\/h2>\t\t\t\t<\/div>\n\t\t\t\t<\/div>\n\t\t\t\t<div class=\"elementor-element elementor-element-35f28fe elementor-widget elementor-widget-text-editor\" data-id=\"35f28fe\" data-element_type=\"widget\" data-e-type=\"widget\" data-widget_type=\"text-editor.default\">\n\t\t\t\t<div class=\"elementor-widget-container\">\n\t\t\t\t\t\t\t\t\t<p class=\"p1\"><b>What did we do?<\/b><\/p><p class=\"p1\">Exportaci\u00f3n: Hotel<\/p><p class=\"p1\">Jamaica<\/p><p class=\"p1\">Volumetr\u00eda, Cat\u00e1logo Estructura Concreto Y<br \/>Alba\u00f1iler\u00eda ( En Ingl\u00e9s Brit\u00e1nico De Construcci\u00f3n)<\/p><p>Total del<strong> 94.635,88 m2<\/strong><\/p>\t\t\t\t\t\t\t\t<\/div>\n\t\t\t\t<\/div>\n\t\t\t\t\t<\/div>\n\t\t\t\t<\/div>\n\t\t\t\t<\/div>\n\t\t<div class=\"elementor-element elementor-element-f97cb20 e-flex e-con-boxed e-con e-parent\" data-id=\"f97cb20\" data-element_type=\"container\" data-e-type=\"container\">\n\t\t\t\t\t<div class=\"e-con-inner\">\n\t\t\t\t<div class=\"elementor-element elementor-element-e7919bd elementor-widget elementor-widget-bdt-advanced-image-gallery\" data-id=\"e7919bd\" data-element_type=\"widget\" data-e-type=\"widget\" data-widget_type=\"bdt-advanced-image-gallery.default\">\n\t\t\t\t<div class=\"elementor-widget-container\">\n\t\t\t\t\t\t\t<div id=\"bdt-avdg-e7919bd\" class=\"bdt-ep-advanced-image-gallery bdt-ep-advanced-image-gallery-skin-default bdt-grid bdt-grid-small bdt-child-width-1-1 bdt-child-width-1-3@s bdt-child-width-1-3@m\" data-bdt-grid=\"\" data-bdt-lightbox=\"animation: slide;\" data-settings=\"{&quot;id&quot;:&quot;#bdt-avdg-e7919bd&quot;,&quot;tiltShow&quot;:false}\">\n\t\t\t\n\t\t\t\t<div class=\"bdt-ep-advanced-image-gallery-item bdt-transition-toggle\">\n\t\t\t\t\t<div class=\"bdt-ep-advanced-image-gallery-inner bdt-image-mask\">\n\t\t\t\t\t\t<div class=\"bdt-ep-advanced-image-gallery-thumbnail bdt-transition-toggle\"><img decoding=\"async\" width=\"700\" height=\"525\" src=\"https:\/\/qscostos.com.mx\/wp-content\/uploads\/2025\/08\/Hotel-Royalton-Negril-w.jpg\" class=\"jgalleryImage\" alt=\"Hotel-Royalton-Negril-w\" srcset=\"https:\/\/qscostos.com.mx\/wp-content\/uploads\/2025\/08\/Hotel-Royalton-Negril-w.jpg 700w, https:\/\/qscostos.com.mx\/wp-content\/uploads\/2025\/08\/Hotel-Royalton-Negril-w-300x225.jpg 300w\" sizes=\"(max-width: 700px) 100vw, 700px\" \/><\/div>\t\t<div class=\"bdt-position-cover bdt-overlay bdt-overlay-default bdt-transition-fade\">\n\t\t\t<div class=\"bdt-ep-advanced-image-gallery-content\">\n\t\t\t\t<div class=\"bdt-ep-advanced-image-gallery-content-inner\">\n\n\t\t\t\t\t\t\t\t\t\t\t\t\t\t\t\t<div class=\"bdt-flex-inline bdt-ep-advanced-image-gallery-item-link-wrapper\">\n\t\t\t\t\t\t\t<a class=\"bdt-position-cover elementor-clickable icon-type-image\" data-elementor-open-lightbox=\"no\" data-caption=\"\" href=\"https:\/\/qscostos.com.mx\/wp-content\/uploads\/2025\/08\/Hotel-Royalton-Negril-w.jpg\">\n\t\t\t\t\t\t\t\t\t\t\t\t\t\t\t<\/a>\n\t\t\t\t\t\t<\/div>\n\t\t\t\t\t\n\t\t\t\t\t\t\t\t\t<\/div>\n\t\t\t<\/div>\n\t\t<\/div>\n\t\t\t\t\t<\/div>\n\t\t\t\t\t\t\t\t\t<\/div>\n\n\t\t\t\t\t<\/div>\n\t\t\t\t\t<\/div>\n\t\t\t\t<\/div>\n\t\t\t\t\t<\/div>\n\t\t\t\t<\/div>\n\t\t\t\t<\/div>","protected":false},"excerpt":{"rendered":"<p>Ll\u00e1manos :\u00a033 3640 1682 Email :\u00a0qscostos@gmail.com Linkedin Instagram Proyectos Internacionales Cliente: Hotel Royalton Negrill ( I Basica) \u00bfQu\u00e9 hicimos? Exportaci\u00f3n: Hotel Jamaica Volumetr\u00eda, Cat\u00e1logo Estructura Concreto YAlba\u00f1iler\u00eda ( En Ingl\u00e9s Brit\u00e1nico De Construcci\u00f3n) Total del 94.635,88 m2<\/p>","protected":false},"author":1,"featured_media":0,"parent":0,"menu_order":0,"comment_status":"closed","ping_status":"closed","template":"elementor_canvas","meta":{"footnotes":""},"class_list":["post-2305","page","type-page","status-publish","hentry"],"_links":{"self":[{"href":"https:\/\/qscostos.com.mx\/en\/wp-json\/wp\/v2\/pages\/2305","targetHints":{"allow":["GET"]}}],"collection":[{"href":"https:\/\/qscostos.com.mx\/en\/wp-json\/wp\/v2\/pages"}],"about":[{"href":"https:\/\/qscostos.com.mx\/en\/wp-json\/wp\/v2\/types\/page"}],"author":[{"embeddable":true,"href":"https:\/\/qscostos.com.mx\/en\/wp-json\/wp\/v2\/users\/1"}],"replies":[{"embeddable":true,"href":"https:\/\/qscostos.com.mx\/en\/wp-json\/wp\/v2\/comments?post=2305"}],"version-history":[{"count":20,"href":"https:\/\/qscostos.com.mx\/en\/wp-json\/wp\/v2\/pages\/2305\/revisions"}],"predecessor-version":[{"id":3451,"href":"https:\/\/qscostos.com.mx\/en\/wp-json\/wp\/v2\/pages\/2305\/revisions\/3451"}],"wp:attachment":[{"href":"https:\/\/qscostos.com.mx\/en\/wp-json\/wp\/v2\/media?parent=2305"}],"curies":[{"name":"wp","href":"https:\/\/api.w.org\/{rel}","templated":true}]}}